{"id":4163,"date":"2025-06-20T10:14:49","date_gmt":"2025-06-20T10:14:49","guid":{"rendered":"https:\/\/inkoo.es\/2025\/?page_id=4163"},"modified":"2025-06-27T10:10:37","modified_gmt":"2025-06-27T10:10:37","slug":"avis-legal","status":"publish","type":"page","link":"https:\/\/inkoo.es\/2025\/avis-legal\/","title":{"rendered":"Av\u00eds Legal"},"content":{"rendered":"\n<p>De conformitat amb la Llei 34\/2002, de Serveis de la Societat de la Informaci\u00f3 i de Comer\u00e7 Electr\u00f2nic, l&#8217;informem que aquest web \u00e9s titularitat de:<\/p>\n\n\n\n<p>Identitat: INKOO CONSULTING &amp; ENGINEERING SL (en endavant \u201cEL TITULAR\u201d)<\/p>\n\n\n\n<p>CIF: B65722605<\/p>\n\n\n\n<p>Domicili: Carrer Llibertat 11 de Barcelona (08012)<\/p>\n\n\n\n<p>Tel\u00e8fon: 665392535<\/p>\n\n\n\n<p>Correu electr\u00f2nic: jordi.torrent@inkoo.es<\/p>\n\n\n\n<h2 class=\"wp-block-heading\">PROPIETAT INTEL\u00b7LECTUAL I INDUSTRIAL<\/h2>\n\n\n\n<p>Els continguts d&#8217;aquest lloc, incloent-hi els textos, imatges i dissenys gr\u00e0fics, pertanyen a EL TITULAR, o a tercers que han autoritzat el seu \u00fas. EL TITULAR presenta aquests continguts amb finalitats d&#8217;informaci\u00f3 i promoci\u00f3. EL TITULAR autoritza la seva utilitzaci\u00f3 exclusivament amb aquestes finalitats. Qualsevol utilitzaci\u00f3 d&#8217;aquests dissenys, imatges o textos haur\u00e0 de citar expressament la seva pertinen\u00e7a a EL TITULAR, qui es reserva el dret a iniciar les accions legals oportunes per reparar els danys i perjudicis causats per qualsevol acte que vulneri els seus drets de propietat intel\u00b7lectual o industrial.<\/p>\n\n\n\n<h2 class=\"wp-block-heading\">EXCLUSI\u00d3 DE RESPONSABILITAT<\/h2>\n\n\n\n<p>EL TITULAR actua amb la m\u00e0xima dilig\u00e8ncia possible perqu\u00e8 les dades i la informaci\u00f3 que ofereix al seu lloc web estigui actualitzada en tot moment, si b\u00e9 no garanteix ni es fa responsable de l&#8217;exactitud i actualitzaci\u00f3 dels continguts del lloc web, reservant-se el dret a modificar aquests continguts en qualsevol moment. EL TITULAR tampoc ser\u00e0 responsable de la informaci\u00f3 que es pot obtenir a trav\u00e9s d&#8217;enlla\u00e7os inclosos en el lloc web.<\/p>\n\n\n\n<p>Les relacions comercials amb els clients es regiran per les condicions generals que, si escau, s&#8217;estableixin per EL TITULAR en un document espec\u00edfic a aquest efecte, o pels pactes concrets que es puguin acordar amb els clients.<\/p>\n\n\n\n<h2 class=\"wp-block-heading\">CONDICIONS D&#8217;\u00daS<\/h2>\n\n\n\n<p>L&#8217;\u00fas d&#8217;aquest lloc web implica l&#8217;acceptaci\u00f3 plena dels termes del present av\u00eds legal. Els possibles conflictes relatius a aquest web es regiran exclusivament pel dret de l&#8217;Estat Espanyol. Tota persona usu\u00e0ria del web, independentment de la jurisdicci\u00f3 territorial des de la qual es produeixi el seu acc\u00e9s, accepta el compliment i respecte d&#8217;aquestes cl\u00e0usules amb ren\u00fancia expressa, sens perjudici dels drets que legalment corresponguin a l&#8217;usuari en cas que aquest tingui la condici\u00f3 de consumidor.<\/p>\n","protected":false},"excerpt":{"rendered":"<p>De conformitat amb la Llei 34\/2002, de Serveis de la Societat de la Informaci\u00f3 i de Comer\u00e7 Electr\u00f2nic, l&#8217;informem que aquest web \u00e9s titularitat de: Identitat: INKOO CONSULTING &amp; ENGINEERING SL (en endavant \u201cEL TITULAR\u201d) CIF: B65722605 Domicili: Carrer Llibertat 11 de Barcelona (08012) Tel\u00e8fon: 665392535 Correu electr\u00f2nic: jordi.torrent@inkoo.es PROPIETAT INTEL\u00b7LECTUAL I INDUSTRIAL Els continguts &#8230; <a title=\"Av\u00eds Legal\" class=\"read-more\" href=\"https:\/\/inkoo.es\/2025\/avis-legal\/\">Read more<\/a><\/p>\n","protected":false},"author":1,"featured_media":0,"parent":0,"menu_order":0,"comment_status":"closed","ping_status":"closed","template":"","meta":{"indra_pageheader":"","footnotes":""},"class_list":["post-4163","page","type-page","status-publish"],"_links":{"self":[{"href":"https:\/\/inkoo.es\/2025\/wp-json\/wp\/v2\/page\/4163","targetHints":{"allow":["GET"]}}],"collection":[{"href":"https:\/\/inkoo.es\/2025\/wp-json\/wp\/v2\/page"}],"about":[{"href":"https:\/\/inkoo.es\/2025\/wp-json\/wp\/v2\/types\/page"}],"author":[{"embeddable":true,"href":"https:\/\/inkoo.es\/2025\/wp-json\/wp\/v2\/users\/1"}],"replies":[{"embeddable":true,"href":"https:\/\/inkoo.es\/2025\/wp-json\/wp\/v2\/comments?post=4163"}],"version-history":[{"count":3,"href":"https:\/\/inkoo.es\/2025\/wp-json\/wp\/v2\/page\/4163\/revisions"}],"predecessor-version":[{"id":4448,"href":"https:\/\/inkoo.es\/2025\/wp-json\/wp\/v2\/page\/4163\/revisions\/4448"}],"wp:attachment":[{"href":"https:\/\/inkoo.es\/2025\/wp-json\/wp\/v2\/media?parent=4163"}],"curies":[{"name":"wp","href":"https:\/\/api.w.org\/{rel}","templated":true}]}}