{"id":4172,"date":"2025-06-20T10:35:13","date_gmt":"2025-06-20T10:35:13","guid":{"rendered":"https:\/\/inkoo.es\/2025\/politica-de-cookies-ue\/"},"modified":"2025-06-27T10:13:24","modified_gmt":"2025-06-27T10:13:24","slug":"politica-de-cookies-ue","status":"publish","type":"page","link":"https:\/\/inkoo.es\/2025\/politica-de-cookies-ue\/","title":{"rendered":"Pol\u00edtica de cookies (UE)"},"content":{"rendered":"\n<p>El lloc web inkoo.cat utilitza una tecnologia anomenada &#8216;cookie&#8217;, amb la finalitat de poder obtenir informaci\u00f3 sobre l&#8217;\u00fas del lloc web, millorar l&#8217;experi\u00e8ncia de l&#8217;usuari i garantir el seu correcte funcionament.<\/p>\n\n\n\n<h2 class=\"wp-block-heading\">Definici\u00f3 de Cookie<\/h2>\n\n\n\n<p>Una &#8216;cookie&#8217; \u00e9s un petit fragment de text que els llocs web envien al navegador i que s&#8217;emmagatzema en el terminal de l&#8217;usuari (ordinador o dispositiu m\u00f2bil). Aquests arxius tenen la finalitat d&#8217;emmagatzemar dades que podran ser actualitzades i recuperades per l&#8217;entitat responsable de la seva instal\u00b7laci\u00f3. Aix\u00ed, cada vegada que l&#8217;usuari torna a visitar el mateix lloc web, l&#8217;explorador recupera l&#8217;arxiu i l&#8217;envia al servidor del lloc web. Les cookies tenen diverses funcions entre les quals s&#8217;inclouen la de recollir informaci\u00f3 sobre les prefer\u00e8ncies de l&#8217;usuari i recordar<\/p>\n\n\n\n<p>Les cookies es poden classificar en base a diferents par\u00e0metres:<\/p>\n\n\n\n<ol class=\"wp-block-list\">\n<li><strong>Titularitat:<\/strong>&nbsp;cookies pr\u00f2pies i cookies de tercers: depenent de quina sigui l&#8217;entitat que gestioni el domini des d&#8217;on s&#8217;envien les cookies i es tractin les dades que s&#8217;obtinguin.<\/li>\n\n\n\n<li><strong>Durada:<\/strong>&nbsp;cookies de sessi\u00f3 i cookies persistents: d&#8217;acord amb el termini de temps que romanen emmagatzemades al terminal de l&#8217;usuari.<\/li>\n\n\n\n<li><strong>Finalitat:<\/strong>&nbsp;d&#8217;acord amb la finalitat per a la qual es tractin les dades obtingudes.\n<ul class=\"wp-block-list\">\n<li>Cookies t\u00e8cniques:&nbsp;s\u00f3n aquelles que permeten a l&#8217;usuari la navegaci\u00f3 a trav\u00e9s de la p\u00e0gina web o aplicaci\u00f3 i la utilitzaci\u00f3 de les diferents opcions o serveis que en ella existeixen. Per exemple, controlar el tr\u00e0nsit i la comunicaci\u00f3 de dades, identificar la sessi\u00f3 o accedir a les parts web d&#8217;acc\u00e9s restringit.<\/li>\n\n\n\n<li>Cookies de prefer\u00e8ncies o personalitzaci\u00f3:&nbsp;s\u00f3n aquelles que permeten recordar informaci\u00f3 perqu\u00e8 l&#8217;usuari accedeixi al servei amb determinades caracter\u00edstiques que poden diferenciar la seva experi\u00e8ncia de la d&#8217;altres usuaris, com, per exemple, l&#8217;idioma, el nombre de resultats a mostrar quan l&#8217;usuari realitza una cerca, l&#8217;aspecte o contingut del servei en funci\u00f3 del tipus de navegador a trav\u00e9s del qual l&#8217;usuari accedeix al servei o de la regi\u00f3 des de la qual accedeix al servei, etc.<\/li>\n\n\n\n<li>Cookies d&#8217;an\u00e0lisi o mesurament:&nbsp;s\u00f3n aquelles que permetent al seu responsable el seguiment i an\u00e0lisi del comportament dels usuaris dels llocs web als quals estan vinculades, incloent-hi, la quantificaci\u00f3 dels impactes dels anuncis. La informaci\u00f3 recollida mitjan\u00e7ant aquest tipus de cookies s&#8217;utilitza al mesurament de l&#8217;activitat dels llocs web, aplicaci\u00f3 o plataforma, amb la finalitat d&#8217;introduir millores en funci\u00f3 de l&#8217;an\u00e0lisi de les dades de l&#8217;\u00fas que fan els usuaris del servei.<\/li>\n\n\n\n<li>Cookies de publicitat comportamental:&nbsp;s\u00f3n aquelles que emmagatzemen la informaci\u00f3 del comportament dels usuaris obtinguda a trav\u00e9s de l\u2019observaci\u00f3 continuada dels seus h\u00e0bits de navegaci\u00f3, el que permet desenvolupar un perfil espec\u00edfic per mostrar publicitat en funci\u00f3 d\u2019aquest perfil.<\/li>\n<\/ul>\n<\/li>\n<\/ol>\n\n\n\n<h2 class=\"wp-block-heading\">Cookies utilitzades al nostre lloc web<\/h2>\n\n\n\n<p>El nostre lloc web utilitza tant cookies pr\u00f2pies, que s\u00f3n les enviades al seu dispositiu i gestionades exclusivament per nosaltres per al millor funcionament del lloc web, com cookies de tercers, amb la funci\u00f3 de servir-nos com a eina d&#8217;an\u00e0lisis de la interacci\u00f3 dels usuaris amb la nostra web, gr\u00e0cies a elles obtenim una informaci\u00f3 que pot ajudar-nos a millorar la navegaci\u00f3 i donar un millor servei als usuaris.<\/p>\n\n\n\n<p>El nostre lloc web fa servir tant cookies temporals de sessi\u00f3 com cookies persistents. Les cookies de sessi\u00f3 emmagatzemen dades \u00fanicament mentre l&#8217;usuari accedeix a la web i les cookies persistents emmagatzemen les dades en el terminal perqu\u00e8 siguin accedides i utilitzades en m\u00e9s d&#8217;una sessi\u00f3.<\/p>\n\n\n\n<p>Concretament les cookies que utilitzades al nostre lloc web s\u00f3n:<\/p>\n\n\n\n<h3 class=\"wp-block-heading\">Cookies pr\u00f2pies<\/h3>\n\n\n\n<p>Les cookies pr\u00f2pies que fem servir en el nostre lloc web s\u00f3n de car\u00e0cter t\u00e8cnic, fonamentals per al funcionament de la web.<\/p>\n\n\n\n<h3 class=\"wp-block-heading\">Cookies de tercers:<\/h3>\n\n\n\n<h4 class=\"wp-block-heading\">__utmz, __ utmc, __utma, __utmb,__utmt, __ga, __gat<\/h4>\n\n\n\n<ul class=\"wp-block-list\">\n<li>Titular:&nbsp;Google Inc. (Google Analytics)<\/li>\n\n\n\n<li>Finalitat:&nbsp;Anal\u00edtiques: Analitzen l&#8217;\u00fas del web.<\/li>\n\n\n\n<li>Durada:&nbsp;Sessi\u00f3 i persistent<\/li>\n<\/ul>\n\n\n\n<p>Per obtenir m\u00e9s informaci\u00f3 sobre les cookies i\/o per a la seva desactivaci\u00f3 pot clicar sobre els enlla\u00e7os que hi ha al nom dels diferents titulars.<\/p>\n\n\n\n<p>Finalment, tamb\u00e9 s&#8217;utilitzen galetes de complement (plug-in) per intercanviar continguts socials.<\/p>\n\n\n\n<h2 class=\"wp-block-heading\">Consentiment<\/h2>\n\n\n\n<p>El consentiment per l&#8217;\u00fas de les cookies abans anunciades, durant els terminis indicats i les condicions contingudes a la present Pol\u00edtica de Cookies, s&#8217;obtindr\u00e0 amb l&#8217;acceptaci\u00f3 de l&#8217;av\u00eds inicial d&#8217;informaci\u00f3 sobre les cookies que es visualitza al moment en que carrega el nostre web.<\/p>\n\n\n\n<p>Aix\u00ed mateix, l&#8217;informem que si vost\u00e8 consulta continguts de la nostra web allotjats en webs de tercers, aquests tenen la seva pr\u00f2pia pol\u00edtica de cookies.<\/p>\n\n\n\n<h2 class=\"wp-block-heading\">Retirada del consentiment<\/h2>\n\n\n\n<p>L&#8217;usuari pot retirar el seu consentiment per l&#8217;\u00fas de cookies en qualsevol moment. Per a fer-ho, pot utilitzar el bot\u00f3 del web que hi hagi per a tal efecte o eliminar les cookies del seu navegador.<\/p>\n\n\n\n<h2 class=\"wp-block-heading\">Modificaci\u00f3 de la configuraci\u00f3 de les cookies<\/h2>\n\n\n\n<p><\/p>\n\n\n\n<p>L&#8217;usuari pot restringir, bloquejar o esborrar les cookies de qualsevol lloc web, utilitzant el seu navegador. A cada navegador l&#8217;operativa \u00e9s diferent, pel que pot consultar als seg\u00fcents enlla\u00e7os la forma de fer-ho<\/p>\n\n\n\n<ul class=\"wp-block-list\">\n<li><strong>Internet Explorer:<\/strong>&nbsp;<a href=\"https:\/\/support.microsoft.com\/es-es\/help\/17442\/windows-internet-explorer-delete-manage-cookies#ie=ie-11\" target=\"_blank\" rel=\"noreferrer noopener\">https:\/\/support.microsoft.com\/es-es\/help\/17442\/windows-internet-explorer-delete-manage-cookies#ie=ie-11<\/a><\/li>\n\n\n\n<li><strong>Edge:<\/strong>&nbsp;<a href=\"https:\/\/support.microsoft.com\/es-es\/help\/4468242\/microsoft-edge-browsing-data-and-privacy-microsoft-privacy\" target=\"_blank\" rel=\"noreferrer noopener\">https:\/\/support.microsoft.com\/es-es\/help\/4468242\/microsoft-edge-browsing-data-and-privacy-microsoft-privacy<\/a><\/li>\n\n\n\n<li><strong>FireFox:<\/strong>&nbsp;<a href=\"https:\/\/support.mozilla.org\/es\/kb\/clear-cookies-and-site-data-firefox\" target=\"_blank\" rel=\"noreferrer noopener\">https:\/\/support.mozilla.org\/es\/kb\/clear-cookies-and-site-data-firefox<\/a><\/li>\n\n\n\n<li><strong>Chrome:<\/strong>&nbsp;<a href=\"https:\/\/support.google.com\/chrome\/answer\/95647?hl=ca\" target=\"_blank\" rel=\"noreferrer noopener\">https:\/\/support.google.com\/chrome\/answer\/95647?hl=ca<\/a><\/li>\n\n\n\n<li><strong>Safari (mac):<\/strong>&nbsp;<a href=\"https:\/\/support.apple.com\/es-es\/guide\/safari\/manage-cookies-and-website-data-sfri11471\/mac\" target=\"_blank\" rel=\"noreferrer noopener\">https:\/\/support.apple.com\/es-es\/guide\/safari\/manage-cookies-and-website-data-sfri11471\/mac<\/a><\/li>\n\n\n\n<li><strong>Safari (iPhone\/iPad):<\/strong>&nbsp;<a href=\"https:\/\/support.apple.com\/es-es\/HT201265\" target=\"_blank\" rel=\"noreferrer noopener\">https:\/\/support.apple.com\/es-es\/HT201265<\/a><\/li>\n\n\n\n<li><strong>Opera:<\/strong>&nbsp;<a href=\"https:\/\/help.opera.com\/en\/latest\/web-preferences\/#cookies\" target=\"_blank\" rel=\"noreferrer noopener\">https:\/\/help.opera.com\/en\/latest\/web-preferences\/#cookies<\/a><\/li>\n<\/ul>\n\n\n\n<p>Per obtenir m\u00e9s informaci\u00f3 sobre l&#8217;eliminaci\u00f3, deshabilitaci\u00f3 o bloqueig de les cookies tamb\u00e9 pot visitar:<br><a target=\"_blank\" rel=\"noreferrer noopener\" href=\"https:\/\/www.aboutcookies.org\/how-to-manage-and-delete-cookies\">https:\/\/www.aboutcookies.org\/how-to-manage-and-delete-cookies<\/a><\/p>\n\n\n\n<h2 class=\"wp-block-heading\">Actualitzaci\u00f3 de la pol\u00edtica de cookies<\/h2>\n\n\n\n<p>Aquest lloc web pot modificar aquesta Pol\u00edtica sobre Cookies, per aix\u00f2 li recomanem revisar aquesta pol\u00edtica cada vegada que accedeixi al nostre lloc web per tal d&#8217;estar adequadament informat sobre l&#8217;\u00fas que fem de les cookies.<\/p>\n\n\n\n<p>\u00daltima actualitzaci\u00f3: 30\/07\/2024.<\/p>\n","protected":false},"excerpt":{"rendered":"<p>El lloc web inkoo.cat utilitza una tecnologia anomenada &#8216;cookie&#8217;, amb la finalitat de poder obtenir informaci\u00f3 sobre l&#8217;\u00fas del lloc web, millorar l&#8217;experi\u00e8ncia de l&#8217;usuari i garantir el seu correcte funcionament. Definici\u00f3 de Cookie Una &#8216;cookie&#8217; \u00e9s un petit fragment de text que els llocs web envien al navegador i que s&#8217;emmagatzema en el terminal &#8230; <a title=\"Pol\u00edtica de cookies (UE)\" class=\"read-more\" href=\"https:\/\/inkoo.es\/2025\/politica-de-cookies-ue\/\">Read more<\/a><\/p>\n","protected":false},"author":1,"featured_media":0,"parent":0,"menu_order":0,"comment_status":"closed","ping_status":"closed","template":"","meta":{"indra_pageheader":"","footnotes":""},"class_list":["post-4172","page","type-page","status-publish"],"_links":{"self":[{"href":"https:\/\/inkoo.es\/2025\/wp-json\/wp\/v2\/page\/4172","targetHints":{"allow":["GET"]}}],"collection":[{"href":"https:\/\/inkoo.es\/2025\/wp-json\/wp\/v2\/page"}],"about":[{"href":"https:\/\/inkoo.es\/2025\/wp-json\/wp\/v2\/types\/page"}],"author":[{"embeddable":true,"href":"https:\/\/inkoo.es\/2025\/wp-json\/wp\/v2\/users\/1"}],"replies":[{"embeddable":true,"href":"https:\/\/inkoo.es\/2025\/wp-json\/wp\/v2\/comments?post=4172"}],"version-history":[{"count":2,"href":"https:\/\/inkoo.es\/2025\/wp-json\/wp\/v2\/page\/4172\/revisions"}],"predecessor-version":[{"id":4449,"href":"https:\/\/inkoo.es\/2025\/wp-json\/wp\/v2\/page\/4172\/revisions\/4449"}],"wp:attachment":[{"href":"https:\/\/inkoo.es\/2025\/wp-json\/wp\/v2\/media?parent=4172"}],"curies":[{"name":"wp","href":"https:\/\/api.w.org\/{rel}","templated":true}]}}