{"id":4175,"date":"2025-06-20T10:39:28","date_gmt":"2025-06-20T10:39:28","guid":{"rendered":"https:\/\/inkoo.es\/2025\/?page_id=4175"},"modified":"2025-06-20T13:17:00","modified_gmt":"2025-06-20T13:17:00","slug":"pilitica-de-cookies-eu","status":"publish","type":"page","link":"https:\/\/inkoo.es\/2025\/es\/pilitica-de-cookies-eu\/","title":{"rendered":"Pol\u00edtica de Cookies (EU)"},"content":{"rendered":"\n<h1 class=\"wp-block-heading\">Pol\u00edtica de cookies<\/h1>\n\n\n\n<p>El sitio web inkoo.cat utiliza una tecnolog\u00eda llamada &#8216;cookie&#8217;, con el fin de poder obtener informaci\u00f3n sobre el uso del sitio web, mejorar la experiencia del usuario y garantizar el su correcto funcionamiento.<\/p>\n\n\n\n<h2 class=\"wp-block-heading\">Definici\u00f3n de Cookie<\/h2>\n\n\n\n<p>Una &#8216;cookie&#8217; es un peque\u00f1o fragmento de texto que los sitios web env\u00edan al navegador y que se almacena en el terminal del usuario (ordenador o dispositivo m\u00f3vil). Estos archivos tienen la finalidad de almacenar datos que podr\u00e1n ser actualizados y recuperadas por la entidad responsable de su instalaci\u00f3n. As\u00ed, cada vez que el usuario vuelve a visitar el mismo sitio web, el explorador recupera el archivo y lo env\u00eda al servidor del sitio web. Las cookies tienen varias funciones entre las que se incluyen, la de recoger informaci\u00f3n sobre las preferencias del usuario y record<\/p>\n\n\n\n<p>Las cookies se pueden clasificar en base a diferentes par\u00e1metros:<\/p>\n\n\n\n<ol class=\"wp-block-list\">\n<li><strong>Titularidad:<\/strong>\u00a0cookies propias y cookies de terceros: dependiendo de cu\u00e1l sea la entidad que gestione el dominio desde donde se env\u00edan las cookies y se traten los datos que se obtengan.<\/li>\n\n\n\n<li><strong>Duraci\u00f3n:<\/strong>\u00a0cookies de sesi\u00f3n y cookies persistentes: de acuerdo con el plazo de tiempo que permanecen almacenadas en el terminal del usuario.<\/li>\n\n\n\n<li><strong>Finalidad:<\/strong>\u00a0de acuerdo con la finalidad para la que se traten los datos obtenidos.\n<ul class=\"wp-block-list\">\n<li>Cookies t\u00e9cnicas:\u00a0son aquellas que permiten al usuario la navegaci\u00f3n a trav\u00e9s de la p\u00e1gina web o aplicaci\u00f3n y la utilizaci\u00f3n de las diferentes opciones o servicios que en ella existen. Por ejemplo, controlar el tr\u00e1fico y la comunicaci\u00f3n de datos, identificar la sesi\u00f3n o acceder a las partes web de acceso restringido.<\/li>\n\n\n\n<li>Cookies de preferencias o personalizaci\u00f3n:\u00a0Son aquellas que permiten recordar informaci\u00f3n para que el usuario acceda al servicio con determinadas caracter\u00edsticas que pueden diferenciar su experiencia de la de otros usuarios, como, por ejemplo, el idioma, el n\u00famero de resultados a mostrar cuando el usuario realiza una b\u00fasqueda, el aspecto o contenido del servicio en funci\u00f3n del tipo de navegador a trav\u00e9s del cual el usuario accede al servicio o de la regi\u00f3n desde la que accede al servicio, etc.<\/li>\n\n\n\n<li>Cookies de an\u00e1lisis o medici\u00f3n:\u00a0Son aquellas que permiten a su responsable el seguimiento y el an\u00e1lisis del comportamiento de los usuarios de los sitios web a los que est\u00e1n vinculadas, incluida la cuantificaci\u00f3n de los impactos de los anuncios. La informaci\u00f3n recogida mediante este tipo de cookies se utiliza en la medici\u00f3n de la actividad de los sitios web, aplicaci\u00f3n o plataforma, con el fin de introducir mejoras en funci\u00f3n del an\u00e1lisis de los datos de uso que hacen los usuarios del servicio.<\/li>\n\n\n\n<li>Cookies de publicidad comportamental:\u00a0Son aquellas que almacenan informaci\u00f3n del comportamiento de los usuarios obtenida a trav\u00e9s de la observaci\u00f3n continuada de sus h\u00e1bitos de navegaci\u00f3n, lo que permite desarrollar un perfil espec\u00edfico para mostrar publicidad en funci\u00f3n de este perfil.<\/li>\n<\/ul>\n<\/li>\n<\/ol>\n\n\n\n<h2 class=\"wp-block-heading\">Cookies utilizadas en nuestro sitio web<\/h2>\n\n\n\n<p>Nuestro sitio web utiliza tanto cookies propias, que son las enviadas a su dispositivo y gestionadas exclusivamente por nosotros para el mejor funcionamiento del sitio web, como cookies de terceros, con la funci\u00f3n de servirnos como herramienta de an\u00e1lisis de la interacci\u00f3n los usuarios con nuestra web, gracias a ellas obtenemos una informaci\u00f3n que puede ayudar a mejorar la navegaci\u00f3n y dar un mejor servicio a los usuarios.<\/p>\n\n\n\n<p>Utilizamos tanto cookies temporales de sesi\u00f3n como cookies persistentes. Las cookies de sesi\u00f3n almacenan datos \u00fanicamente mientras el usuario accede a la web y las cookies persistentes almacenan los datos en el terminal para que sean accedidas y utilizadas en m\u00e1s de una sesi\u00f3n.<\/p>\n\n\n\n<p>Concretamente las cookies utilizadas en nuestro sitio web son:<\/p>\n\n\n\n<h3 class=\"wp-block-heading\">Cookies propias:<\/h3>\n\n\n\n<p>Las cookies propias que utilizamos en nuestro sitio web son de car\u00e1cter t\u00e9cnico, fundamentales para el funcionamiento de la web.<\/p>\n\n\n\n<h3 class=\"wp-block-heading\">Cookies de terceros:<\/h3>\n\n\n\n<h4 class=\"wp-block-heading\">__utmz, __ utmc, __utma, __utmb,__utmt, __ga, __gat<\/h4>\n\n\n\n<ul class=\"wp-block-list\">\n<li>Titular:\u00a0Google Inc. (Google Analytics)<\/li>\n\n\n\n<li>Finalidad:\u00a0Anal\u00edticas: analizan el tr\u00e1fico de esta web.<\/li>\n\n\n\n<li>Duraci\u00f3n:\u00a0Sesi\u00f3n y persistentes<\/li>\n<\/ul>\n\n\n\n<p>Para obtener m\u00e1s informaci\u00f3n sobre las cookies y\/o para su desactivaci\u00f3n puede clicar sobre los enlaces que hay en el nombre de los diferentes titulares.<\/p>\n\n\n\n<p>Finalmente, tambi\u00e9n se utilizan cookies de complemento (plug-in) para intercambiar contenidos sociales.<\/p>\n\n\n\n<h2 class=\"wp-block-heading\">Consentimiento<\/h2>\n\n\n\n<p>El consentimiento para el uso de las cookies antes enunciadas, por los plazos se\u00f1alados y en las condiciones contenidas en la presente Pol\u00edtica de Cookies, se obtendr\u00e1 con la aceptaci\u00f3n del aviso inicial de informaci\u00f3n sobre las cookies que se visualiza en el momento en qu\u00e8 carga nuestra web.<\/p>\n\n\n\n<p>Asimismo, le informamos de que si usted consulta contenidos en nuestra web alojados en webs de terceros, estos tienen su propia pol\u00edtica de cookies.<\/p>\n\n\n\n<h2 class=\"wp-block-heading\">Retirada del consentimiento<\/h2>\n\n\n\n<p>El usuario puede retirar su consentimiento para el uso de cookies en cualquier momento. Para ello, puede usar el bot\u00f3n de la web que haya a tal efecto o eliminar las cookies de su navegador.<\/p>\n\n\n\n<h2 class=\"wp-block-heading\">Modificaci\u00f3n de la configuraci\u00f3n de las cookies<\/h2>\n\n\n\n<p><\/p>\n\n\n\n<p>El usuario puede restringir, bloquear o borrar las cookies de cualquier sitio web, utilizando su navegador. En cada navegador la operativa es diferente, por lo que puede consultar los siguientes enlaces la forma de hacerlo<\/p>\n\n\n\n<ul class=\"wp-block-list\">\n<li><strong>Internet Explorer:<\/strong>\u00a0<a href=\"https:\/\/support.microsoft.com\/es-es\/help\/17442\/windows-internet-explorer-delete-manage-cookies#ie=ie-11\" target=\"_blank\" rel=\"noreferrer noopener\">https:\/\/support.microsoft.com\/es-es\/help\/17442\/windows-internet-explorer-delete-manage-cookies#ie=ie-11<\/a><\/li>\n\n\n\n<li><strong>Edge:<\/strong>\u00a0<a href=\"https:\/\/support.microsoft.com\/es-es\/help\/4468242\/microsoft-edge-browsing-data-and-privacy-microsoft-privacy\" target=\"_blank\" rel=\"noreferrer noopener\">https:\/\/support.microsoft.com\/es-es\/help\/4468242\/microsoft-edge-browsing-data-and-privacy-microsoft-privacy<\/a><\/li>\n\n\n\n<li><strong>FireFox:<\/strong>\u00a0<a href=\"https:\/\/support.mozilla.org\/es\/kb\/clear-cookies-and-site-data-firefox\" target=\"_blank\" rel=\"noreferrer noopener\">https:\/\/support.mozilla.org\/es\/kb\/clear-cookies-and-site-data-firefox<\/a><\/li>\n\n\n\n<li><strong>Chrome:<\/strong>\u00a0<a href=\"https:\/\/support.google.com\/chrome\/answer\/95647?hl=es\" target=\"_blank\" rel=\"noreferrer noopener\">https:\/\/support.google.com\/chrome\/answer\/95647?hl=es<\/a><\/li>\n\n\n\n<li><strong>Safari (mac):<\/strong>\u00a0<a href=\"https:\/\/support.apple.com\/es-es\/guide\/safari\/manage-cookies-and-website-data-sfri11471\/mac\" target=\"_blank\" rel=\"noreferrer noopener\">https:\/\/support.apple.com\/es-es\/guide\/safari\/manage-cookies-and-website-data-sfri11471\/mac<\/a><\/li>\n\n\n\n<li><strong>Safari (iPhone\/iPad):<\/strong>\u00a0<a href=\"https:\/\/support.apple.com\/es-es\/HT201265\" target=\"_blank\" rel=\"noreferrer noopener\">https:\/\/support.apple.com\/es-es\/HT201265<\/a><\/li>\n\n\n\n<li><strong>Opera:<\/strong>\u00a0<a href=\"https:\/\/help.opera.com\/en\/latest\/web-preferences\/#cookies\" target=\"_blank\" rel=\"noreferrer noopener\">https:\/\/help.opera.com\/en\/latest\/web-preferences\/#cookies<\/a><\/li>\n<\/ul>\n\n\n\n<p>Para obtener m\u00e1s informaci\u00f3n sobre la eliminaci\u00f3n, deshabilitaci\u00f3n o bloqueo de las cookies tambi\u00e9n puede visitar:<br><a target=\"_blank\" rel=\"noreferrer noopener\" href=\"https:\/\/www.aboutcookies.org\/how-to-manage-and-delete-cookies\">https:\/\/www.aboutcookies.org\/how-to-manage-and-delete-cookies<\/a><\/p>\n\n\n\n<h2 class=\"wp-block-heading\">Actualizaci\u00f3n de la pol\u00edtica de cookies<\/h2>\n\n\n\n<p>Este sitio web puede modificar esta Pol\u00edtica sobre Cookies, por ello le recomendamos revisar esta pol\u00edtica cada vez que acceda a nuestro sitio web para estar adecuadamente informado sobre el uso que hacemos de las cookies.<\/p>\n\n\n\n<p>\u00daltima actualizaci\u00f3n: 30\/07\/2024.<\/p>\n","protected":false},"excerpt":{"rendered":"<p>Pol\u00edtica de cookies El sitio web inkoo.cat utiliza una tecnolog\u00eda llamada &#8216;cookie&#8217;, con el fin de poder obtener informaci\u00f3n sobre el uso del sitio web, mejorar la experiencia del usuario y garantizar el su correcto funcionamiento. Definici\u00f3n de Cookie Una &#8216;cookie&#8217; es un peque\u00f1o fragmento de texto que los sitios web env\u00edan al navegador y &#8230; <a title=\"Pol\u00edtica de Cookies (EU)\" class=\"read-more\" href=\"https:\/\/inkoo.es\/2025\/es\/pilitica-de-cookies-eu\/\">Read more<\/a><\/p>\n","protected":false},"author":1,"featured_media":0,"parent":0,"menu_order":0,"comment_status":"closed","ping_status":"closed","template":"","meta":{"indra_pageheader":"","footnotes":""},"class_list":["post-4175","page","type-page","status-publish"],"_links":{"self":[{"href":"https:\/\/inkoo.es\/2025\/wp-json\/wp\/v2\/page\/4175","targetHints":{"allow":["GET"]}}],"collection":[{"href":"https:\/\/inkoo.es\/2025\/wp-json\/wp\/v2\/page"}],"about":[{"href":"https:\/\/inkoo.es\/2025\/wp-json\/wp\/v2\/types\/page"}],"author":[{"embeddable":true,"href":"https:\/\/inkoo.es\/2025\/wp-json\/wp\/v2\/users\/1"}],"replies":[{"embeddable":true,"href":"https:\/\/inkoo.es\/2025\/wp-json\/wp\/v2\/comments?post=4175"}],"version-history":[{"count":3,"href":"https:\/\/inkoo.es\/2025\/wp-json\/wp\/v2\/page\/4175\/revisions"}],"predecessor-version":[{"id":4179,"href":"https:\/\/inkoo.es\/2025\/wp-json\/wp\/v2\/page\/4175\/revisions\/4179"}],"wp:attachment":[{"href":"https:\/\/inkoo.es\/2025\/wp-json\/wp\/v2\/media?parent=4175"}],"curies":[{"name":"wp","href":"https:\/\/api.w.org\/{rel}","templated":true}]}}