{"id":49,"date":"2025-06-20T10:12:00","date_gmt":"2025-06-20T10:12:00","guid":{"rendered":"https:\/\/inkoo.es\/2025\/?page_id=49"},"modified":"2025-06-20T13:14:00","modified_gmt":"2025-06-20T13:14:00","slug":"reembolso_devoluciones","status":"publish","type":"page","link":"https:\/\/inkoo.es\/2025\/es\/reembolso_devoluciones\/","title":{"rendered":"Aviso Legal"},"content":{"rendered":"\n<p>Aviso legal<\/p>\n\n\n\n<p>De conformidad con la Ley 34\/2002, de Servicios de la Sociedad de la Informaci\u00f3n y de Comercio Electr\u00f3nico, le informamos que esta web es titularidad de:<\/p>\n\n\n\n<p>Identidad: INKOO CONSULTING &amp; ENGINEERING SL (en adelante \u201cEL TITULAR\u201d)<\/p>\n\n\n\n<p>CIF: B65722605<\/p>\n\n\n\n<p>Domicilio: Carrer Llibertat 11 de Barcelona (08012)<\/p>\n\n\n\n<p>Tel\u00e9fono: 665392535<\/p>\n\n\n\n<p>Correo electr\u00f3nico: jordi.torrent@inkoo.es<\/p>\n\n\n\n<h2 class=\"wp-block-heading\">PROPIEDAD INTELECTUAL E INDUSTRIAL<\/h2>\n\n\n\n<p>Los contenidos de este sitio, incluyendo los textos, im\u00e1genes y dise\u00f1os gr\u00e1ficos, pertenecen a EL TITULAR, o a terceros que han autorizado su uso. EL TITULAR presenta estos contenidos con fines de informaci\u00f3n y promoci\u00f3n. EL TITULAR autoriza su utilizaci\u00f3n exclusivamente con estas finalidades. Cualquier utilizaci\u00f3n de estos dise\u00f1os, im\u00e1genes o textos deber\u00e1 citar expresamente su pertenencia a EL TITULAR, quien se reserva el derecho a iniciar las acciones legales oportunas para reparar los da\u00f1os<\/p>\n\n\n\n<h2 class=\"wp-block-heading\">EXCLUSI\u00d3N DE RESPONSABILIDAD<\/h2>\n\n\n\n<p>EL TITULAR act\u00faa con la m\u00e1xima diligencia posible para que los datos y la informaci\u00f3n que ofrece en su sitio web est\u00e9 actualizada en tomo momento, si bien no garantiza ni se hace responsable de la exactitud y actualizaci\u00f3n de los contenidos del sitio web, reserv\u00e1ndose el derecho a modificar dichos contenidos en cualquier momento. EL TITULAR tampoco ser\u00e1 responsable de la informaci\u00f3n que se pueda obtener a trav\u00e9s de enlaces incluidos en el sitio web.<\/p>\n\n\n\n<p>Las relaciones comerciales con los clientes se regir\u00e1n por las Condiciones Generales que, en su caso, se establezcan por EL TITULAR en un documento espec\u00edfico a tal efecto, o por los pactos concretos que pudieran acordarse con los clientes.<\/p>\n\n\n\n<h2 class=\"wp-block-heading\">CONDICIONES DE USO<\/h2>\n\n\n\n<p>El uso de este sitio web implica la aceptaci\u00f3n plena de los t\u00e9rminos del presente aviso legal. Los posibles conflictos relativos a esta web se regir\u00e1n exclusivamente por el derecho del Estado Espa\u00f1ol. Toda persona usuaria de la web, independientemente de la jurisdicci\u00f3n territorial desde la cual se produzca su acceso, acepta el cumplimiento y respeto de estas cl\u00e1usulas con renuncia expresa a cualquier otro fuero que pudiera corresponderle, sin perjuicio de los derechos que legalmente correspondan al usuario, en caso de que este ostente la condici\u00f3n de consumidor.<\/p>\n","protected":false},"excerpt":{"rendered":"<p>Aviso legal De conformidad con la Ley 34\/2002, de Servicios de la Sociedad de la Informaci\u00f3n y de Comercio Electr\u00f3nico, le informamos que esta web es titularidad de: Identidad: INKOO CONSULTING &amp; ENGINEERING SL (en adelante \u201cEL TITULAR\u201d) CIF: B65722605 Domicilio: Carrer Llibertat 11 de Barcelona (08012) Tel\u00e9fono: 665392535 Correo electr\u00f3nico: jordi.torrent@inkoo.es PROPIEDAD INTELECTUAL E &#8230; <a title=\"Aviso Legal\" class=\"read-more\" href=\"https:\/\/inkoo.es\/2025\/es\/reembolso_devoluciones\/\">Read more<\/a><\/p>\n","protected":false},"author":1,"featured_media":0,"parent":0,"menu_order":0,"comment_status":"closed","ping_status":"closed","template":"","meta":{"indra_pageheader":"","footnotes":""},"class_list":["post-49","page","type-page","status-publish"],"_links":{"self":[{"href":"https:\/\/inkoo.es\/2025\/wp-json\/wp\/v2\/page\/49","targetHints":{"allow":["GET"]}}],"collection":[{"href":"https:\/\/inkoo.es\/2025\/wp-json\/wp\/v2\/page"}],"about":[{"href":"https:\/\/inkoo.es\/2025\/wp-json\/wp\/v2\/types\/page"}],"author":[{"embeddable":true,"href":"https:\/\/inkoo.es\/2025\/wp-json\/wp\/v2\/users\/1"}],"replies":[{"embeddable":true,"href":"https:\/\/inkoo.es\/2025\/wp-json\/wp\/v2\/comments?post=49"}],"version-history":[{"count":1,"href":"https:\/\/inkoo.es\/2025\/wp-json\/wp\/v2\/page\/49\/revisions"}],"predecessor-version":[{"id":4157,"href":"https:\/\/inkoo.es\/2025\/wp-json\/wp\/v2\/page\/49\/revisions\/4157"}],"wp:attachment":[{"href":"https:\/\/inkoo.es\/2025\/wp-json\/wp\/v2\/media?parent=49"}],"curies":[{"name":"wp","href":"https:\/\/api.w.org\/{rel}","templated":true}]}}